{"id":28,"date":"2025-01-22T08:08:17","date_gmt":"2025-01-22T08:08:17","guid":{"rendered":"http:\/\/filialask.bpsieradz.pl\/?page_id=28"},"modified":"2026-01-07T09:49:12","modified_gmt":"2026-01-07T09:49:12","slug":"28-2","status":"publish","type":"page","link":"https:\/\/filialask.bpsieradz.pl\/","title":{"rendered":"BP Sieradz Filia \u0141ask"},"content":{"rendered":"\t\t<div data-elementor-type=\"wp-page\" data-elementor-id=\"28\" class=\"elementor elementor-28\">\n\t\t\t\t<div class=\"elementor-element elementor-element-4722e7db e-flex e-con-boxed e-con e-parent\" data-id=\"4722e7db\" data-element_type=\"container\" data-e-type=\"container\">\n\t\t\t\t\t<div class=\"e-con-inner\">\n\t\t\t\t<div class=\"elementor-element elementor-element-9316c2d elementor-widget elementor-widget-text-editor\" data-id=\"9316c2d\" data-element_type=\"widget\" data-e-type=\"widget\" data-widget_type=\"text-editor.default\">\n\t\t\t\t<div class=\"elementor-widget-container\">\n\t\t\t\t\t\t\t\t\t\n<p>\u00a0<\/p>\n\t\t\t\t\t\t\t\t<\/div>\n\t\t\t\t<\/div>\n\t\t\t\t\t<\/div>\n\t\t\t\t<\/div>\n\t\t<div class=\"elementor-element elementor-element-8c4c59f e-flex e-con-boxed e-con e-parent\" data-id=\"8c4c59f\" data-element_type=\"container\" data-e-type=\"container\">\n\t\t\t\t\t<div class=\"e-con-inner\">\n\t\t\t\t<div class=\"elementor-element elementor-element-5a8863d elementor-widget elementor-widget-spacer\" data-id=\"5a8863d\" data-element_type=\"widget\" data-e-type=\"widget\" data-widget_type=\"spacer.default\">\n\t\t\t\t<div class=\"elementor-widget-container\">\n\t\t\t\t\t\t\t<div class=\"elementor-spacer\">\n\t\t\t<div class=\"elementor-spacer-inner\"><\/div>\n\t\t<\/div>\n\t\t\t\t\t\t<\/div>\n\t\t\t\t<\/div>\n\t\t\t\t\t<\/div>\n\t\t\t\t<\/div>\n\t\t<div class=\"elementor-element elementor-element-df67d8e e-flex e-con-boxed e-con e-parent\" data-id=\"df67d8e\" data-element_type=\"container\" data-e-type=\"container\">\n\t\t\t\t\t<div class=\"e-con-inner\">\n\t\t<div class=\"elementor-element elementor-element-1a3e9a4 e-con-full e-flex e-con e-child\" data-id=\"1a3e9a4\" data-element_type=\"container\" data-e-type=\"container\">\n\t\t\t\t<div class=\"elementor-element elementor-element-9714926 elementor-widget elementor-widget-image\" data-id=\"9714926\" data-element_type=\"widget\" data-e-type=\"widget\" data-widget_type=\"image.default\">\n\t\t\t\t<div class=\"elementor-widget-container\">\n\t\t\t\t\t\t\t\t\t\t\t\t\t\t\t\t<a href=\"https:\/\/www.sieradz-bped.sowa.pl\/\">\n\t\t\t\t\t\t\t<img fetchpriority=\"high\" decoding=\"async\" width=\"800\" height=\"269\" src=\"https:\/\/filialask.bpsieradz.pl\/wp-content\/uploads\/2025\/01\/katalogi-online-1024x344.png\" class=\"attachment-large size-large wp-image-97\" alt=\"\" srcset=\"https:\/\/filialask.bpsieradz.pl\/wp-content\/uploads\/2025\/01\/katalogi-online-1024x344.png 1024w, https:\/\/filialask.bpsieradz.pl\/wp-content\/uploads\/2025\/01\/katalogi-online-300x101.png 300w, https:\/\/filialask.bpsieradz.pl\/wp-content\/uploads\/2025\/01\/katalogi-online-768x258.png 768w, https:\/\/filialask.bpsieradz.pl\/wp-content\/uploads\/2025\/01\/katalogi-online.png 1080w\" sizes=\"(max-width: 800px) 100vw, 800px\" \/>\t\t\t\t\t\t\t\t<\/a>\n\t\t\t\t\t\t\t\t\t\t\t\t\t\t\t<\/div>\n\t\t\t\t<\/div>\n\t\t\t\t<\/div>\n\t\t<div class=\"elementor-element elementor-element-c514af4 e-con-full e-flex e-con e-child\" data-id=\"c514af4\" data-element_type=\"container\" data-e-type=\"container\">\n\t\t\t\t<div class=\"elementor-element elementor-element-512c458 elementor-widget elementor-widget-image\" data-id=\"512c458\" data-element_type=\"widget\" data-e-type=\"widget\" data-widget_type=\"image.default\">\n\t\t\t\t<div class=\"elementor-widget-container\">\n\t\t\t\t\t\t\t\t\t\t\t\t\t\t\t\t<a href=\"http:\/\/moodle39.cresieradz.edu.pl\/course\/view.php?id=83\">\n\t\t\t\t\t\t\t<img decoding=\"async\" width=\"800\" height=\"269\" src=\"https:\/\/filialask.bpsieradz.pl\/wp-content\/uploads\/2025\/01\/biblioteka-metodyczna-1024x344.png\" class=\"attachment-large size-large wp-image-96\" alt=\"\" srcset=\"https:\/\/filialask.bpsieradz.pl\/wp-content\/uploads\/2025\/01\/biblioteka-metodyczna-1024x344.png 1024w, https:\/\/filialask.bpsieradz.pl\/wp-content\/uploads\/2025\/01\/biblioteka-metodyczna-300x101.png 300w, https:\/\/filialask.bpsieradz.pl\/wp-content\/uploads\/2025\/01\/biblioteka-metodyczna-768x258.png 768w, https:\/\/filialask.bpsieradz.pl\/wp-content\/uploads\/2025\/01\/biblioteka-metodyczna.png 1080w\" sizes=\"(max-width: 800px) 100vw, 800px\" \/>\t\t\t\t\t\t\t\t<\/a>\n\t\t\t\t\t\t\t\t\t\t\t\t\t\t\t<\/div>\n\t\t\t\t<\/div>\n\t\t\t\t<\/div>\n\t\t<div class=\"elementor-element elementor-element-9054dba e-con-full e-flex e-con e-child\" data-id=\"9054dba\" data-element_type=\"container\" data-e-type=\"container\">\n\t\t\t\t<div class=\"elementor-element elementor-element-2399085 elementor-widget elementor-widget-image\" data-id=\"2399085\" data-element_type=\"widget\" data-e-type=\"widget\" data-widget_type=\"image.default\">\n\t\t\t\t<div class=\"elementor-widget-container\">\n\t\t\t\t\t\t\t\t\t\t\t\t\t\t\t\t<a href=\"http:\/\/bpsieradz.pl\/index.php\/przeszukaj\/zestawienia\">\n\t\t\t\t\t\t\t<img decoding=\"async\" width=\"800\" height=\"269\" src=\"https:\/\/filialask.bpsieradz.pl\/wp-content\/uploads\/2025\/01\/zestawienia-1024x344.png\" class=\"attachment-large size-large wp-image-98\" alt=\"\" srcset=\"https:\/\/filialask.bpsieradz.pl\/wp-content\/uploads\/2025\/01\/zestawienia-1024x344.png 1024w, https:\/\/filialask.bpsieradz.pl\/wp-content\/uploads\/2025\/01\/zestawienia-300x101.png 300w, https:\/\/filialask.bpsieradz.pl\/wp-content\/uploads\/2025\/01\/zestawienia-768x258.png 768w, https:\/\/filialask.bpsieradz.pl\/wp-content\/uploads\/2025\/01\/zestawienia.png 1080w\" sizes=\"(max-width: 800px) 100vw, 800px\" \/>\t\t\t\t\t\t\t\t<\/a>\n\t\t\t\t\t\t\t\t\t\t\t\t\t\t\t<\/div>\n\t\t\t\t<\/div>\n\t\t\t\t<\/div>\n\t\t\t\t\t<\/div>\n\t\t\t\t<\/div>\n\t\t<div class=\"elementor-element elementor-element-1609164 e-flex e-con-boxed e-con e-parent\" data-id=\"1609164\" data-element_type=\"container\" data-e-type=\"container\">\n\t\t\t\t\t<div class=\"e-con-inner\">\n\t\t\t\t<div class=\"elementor-element elementor-element-7a04fbe elementor-widget-divider--view-line elementor-widget elementor-widget-divider\" data-id=\"7a04fbe\" data-element_type=\"widget\" data-e-type=\"widget\" data-widget_type=\"divider.default\">\n\t\t\t\t<div class=\"elementor-widget-container\">\n\t\t\t\t\t\t\t<div class=\"elementor-divider\">\n\t\t\t<span class=\"elementor-divider-separator\">\n\t\t\t\t\t\t<\/span>\n\t\t<\/div>\n\t\t\t\t\t\t<\/div>\n\t\t\t\t<\/div>\n\t\t\t\t\t<\/div>\n\t\t\t\t<\/div>\n\t\t<div class=\"elementor-element elementor-element-8de2c05 e-flex e-con-boxed e-con e-parent\" data-id=\"8de2c05\" data-element_type=\"container\" data-e-type=\"container\">\n\t\t\t\t\t<div class=\"e-con-inner\">\n\t\t\t\t<div class=\"elementor-element elementor-element-7f254ec elementor-widget elementor-widget-heading\" data-id=\"7f254ec\" data-element_type=\"widget\" data-e-type=\"widget\" data-widget_type=\"heading.default\">\n\t\t\t\t<div class=\"elementor-widget-container\">\n\t\t\t\t\t<h1 class=\"elementor-heading-title elementor-size-default\">Aktualno\u015bci<\/h1>\t\t\t\t<\/div>\n\t\t\t\t<\/div>\n\t\t\t\t\t<\/div>\n\t\t\t\t<\/div>\n\t\t<div class=\"elementor-element elementor-element-d50c4b9 e-flex e-con-boxed e-con e-parent\" data-id=\"d50c4b9\" data-element_type=\"container\" data-e-type=\"container\">\n\t\t\t\t\t<div class=\"e-con-inner\">\n\t\t\t\t<div class=\"elementor-element elementor-element-19285e1 title-two-line meta-visibility-show title_position_default title_hover_border_default img_hover_animation_default meta_position_default grid-hover-overlay-type-always tpg-el-box-border-enable tpg-border-bottom-disable elementor-widget elementor-widget-tpg-list-layout\" data-id=\"19285e1\" data-element_type=\"widget\" data-e-type=\"widget\" data-widget_type=\"tpg-list-layout.default\">\n\t\t\t\t<div class=\"elementor-widget-container\">\n\t\t\t\t\t\n        <div class=\"rt-container-fluid rt-tpg-container tpg-el-main-wrapper list-layout1-main \"\n             data-sc-id=\"elementor\"\n             id=\"rt-tpg-container-2540551699\"\n             data-layout=\"list-layout1\"\n             data-grid-style=\"tpg-even\"\n             data-el-settings=''\n             data-el-query=''\n             data-el-path=''\n        >\n\t\t\t            <div class='tpg-header-wrapper '>\n\t\t\t\t            <\/div>\n\n            <div data-title=\"Loading ...\" class=\"rt-row rt-content-loader list-layout1 tpg-even list-behaviour list-layout-wrapper\">\n\t\t\t\t\n<div class=\"rt-col-md-12 rt-col-sm-12 rt-col-xs-12 default rt-list-item rt-grid-item\" data-id=\"729\">\n\t<div class=\"rt-holder tpg-post-holder \">\n\t\t<div class=\"rt-detail rt-el-content-wrapper\">\n\t\t\t\t\t\t\t<div class=\"rt-img-holder tpg-el-image-wrap has-thumbnail\">\n\t\t\t\t\t<a data-id=\"729\" href=\"https:\/\/filialask.bpsieradz.pl\/index.php\/2026\/04\/10\/biblioteczna-inspiratornia-3\/\" class=\"tpg-post-link\" target=\"_self\">                        <img loading=\"lazy\" decoding=\"async\" src=\"https:\/\/filialask.bpsieradz.pl\/wp-content\/uploads\/2026\/04\/Biblioteczna-inspiratornia-5-480x300.png\"\n                             class=\"rt-img-responsive\"\n                             width=\"480\"\n                             height=\"300\"\n                             alt=\"Biblioteczna Inspiratornia\">\n\t\t\t\t\t\t\n\t\t\t\t\t\t\t\n\t\t<\/a>\n\t\t        <div class=\"overlay grid-hover-content\"><\/div>\n\t\t\t\t\t\t<\/div>\n\t\t\t\n\t\t\t<div class=\"post-right-content\">\n\t\t\t\t<div class=\"entry-title-wrapper\"><h1 class=\"entry-title\"><a data-id=\"729\" href=\"https:\/\/filialask.bpsieradz.pl\/index.php\/2026\/04\/10\/biblioteczna-inspiratornia-3\/\" class=\"tpg-post-link\" target=\"_self\">Biblioteczna Inspiratornia<\/a><\/h1><\/div>\n\t\t\t\t\t\t\t\t\t<div class=\"post-meta-tags rt-el-post-meta\">\n\t\t\t\t\t\t            <span class='date'>\n\t\t\t\t<i class='far fa-calendar-alt '><\/i>\t\t\t\t                    <a href=\"https:\/\/filialask.bpsieradz.pl\/index.php\/2026\/04\/10\/\">\n\t\t\t\t\t10 kwietnia, 2026\t\t\t\t<\/a>\n\t\t\t\t\t\t\t<\/span>\n\t\t\t\t\t\t\t\t<\/div>\n\t\t\t\t\n\t\t\t\t\t\t\t\t\t<div class=\"tpg-excerpt tpg-el-excerpt\">\n\t\t\t\t\t\t\t\t\t\t\t\t\t<div class=\"tpg-excerpt-inner\">\n\t\t\t\t\t\t\t\tCentrum Rozwoju Edukacji W\u0141 w Sieradzu Biblioteka Pedagogiczna w Sieradzu Filia w \u0141asku zaprasza...\t\t\t\t\t\t\t<\/div>\n\t\t\t\t\t\t\t\t\t\t\t\t\t\t\t\t\t<\/div>\n\t\t\t\t\n\t\t\t\t\t\t\t<\/div>\n\t\t<\/div>\n\t<\/div>\n<\/div>\n\n<div class=\"rt-col-md-12 rt-col-sm-12 rt-col-xs-12 default rt-list-item rt-grid-item\" data-id=\"725\">\n\t<div class=\"rt-holder tpg-post-holder \">\n\t\t<div class=\"rt-detail rt-el-content-wrapper\">\n\t\t\t\t\t\t\t<div class=\"rt-img-holder tpg-el-image-wrap has-thumbnail\">\n\t\t\t\t\t<a data-id=\"725\" href=\"https:\/\/filialask.bpsieradz.pl\/index.php\/2026\/04\/09\/mysli-wypuszczone-prosto-z-serca\/\" class=\"tpg-post-link\" target=\"_self\">                        <img loading=\"lazy\" decoding=\"async\" src=\"https:\/\/filialask.bpsieradz.pl\/wp-content\/uploads\/2026\/04\/Mysli-wypuszczone-prosto-w-serce-480x300.jpg\"\n                             class=\"rt-img-responsive\"\n                             width=\"480\"\n                             height=\"300\"\n                             alt=\"My\u015bli wypuszczone prosto z\u00a0serca\">\n\t\t\t\t\t\t\n\t\t\t\t\t\t\t\n\t\t<\/a>\n\t\t        <div class=\"overlay grid-hover-content\"><\/div>\n\t\t\t\t\t\t<\/div>\n\t\t\t\n\t\t\t<div class=\"post-right-content\">\n\t\t\t\t<div class=\"entry-title-wrapper\"><h1 class=\"entry-title\"><a data-id=\"725\" href=\"https:\/\/filialask.bpsieradz.pl\/index.php\/2026\/04\/09\/mysli-wypuszczone-prosto-z-serca\/\" class=\"tpg-post-link\" target=\"_self\">My\u015bli wypuszczone prosto z\u00a0serca<\/a><\/h1><\/div>\n\t\t\t\t\t\t\t\t\t<div class=\"post-meta-tags rt-el-post-meta\">\n\t\t\t\t\t\t            <span class='date'>\n\t\t\t\t<i class='far fa-calendar-alt '><\/i>\t\t\t\t                    <a href=\"https:\/\/filialask.bpsieradz.pl\/index.php\/2026\/04\/09\/\">\n\t\t\t\t\t9 kwietnia, 2026\t\t\t\t<\/a>\n\t\t\t\t\t\t\t<\/span>\n\t\t\t\t\t\t\t\t<\/div>\n\t\t\t\t\n\t\t\t\t\t\t\t\t\t<div class=\"tpg-excerpt tpg-el-excerpt\">\n\t\t\t\t\t\t\t\t\t\t\t\t\t<div class=\"tpg-excerpt-inner\">\n\t\t\t\t\t\t\t\tSerdecznie zapraszamy na wyj\u0105tkowy wiecz\u00f3r autorski \u201eMy\u015bli wypuszczone prosto z\u00a0serca\u201d, organizowany...\t\t\t\t\t\t\t<\/div>\n\t\t\t\t\t\t\t\t\t\t\t\t\t\t\t\t\t<\/div>\n\t\t\t\t\n\t\t\t\t\t\t\t<\/div>\n\t\t<\/div>\n\t<\/div>\n<\/div>\n\n<div class=\"rt-col-md-12 rt-col-sm-12 rt-col-xs-12 default rt-list-item rt-grid-item\" data-id=\"722\">\n\t<div class=\"rt-holder tpg-post-holder \">\n\t\t<div class=\"rt-detail rt-el-content-wrapper\">\n\t\t\t\t\t\t\t<div class=\"rt-img-holder tpg-el-image-wrap has-thumbnail\">\n\t\t\t\t\t<a data-id=\"722\" href=\"https:\/\/filialask.bpsieradz.pl\/index.php\/2026\/04\/09\/biblioteczny-fitness\/\" class=\"tpg-post-link\" target=\"_self\">                        <img loading=\"lazy\" decoding=\"async\" src=\"https:\/\/filialask.bpsieradz.pl\/wp-content\/uploads\/2026\/04\/Biblioteczny-Fitnes-1-480x300.jpg\"\n                             class=\"rt-img-responsive\"\n                             width=\"480\"\n                             height=\"300\"\n                             alt=\"Biblioteczny fitness\">\n\t\t\t\t\t\t\n\t\t\t\t\t\t\t\n\t\t<\/a>\n\t\t        <div class=\"overlay grid-hover-content\"><\/div>\n\t\t\t\t\t\t<\/div>\n\t\t\t\n\t\t\t<div class=\"post-right-content\">\n\t\t\t\t<div class=\"entry-title-wrapper\"><h1 class=\"entry-title\"><a data-id=\"722\" href=\"https:\/\/filialask.bpsieradz.pl\/index.php\/2026\/04\/09\/biblioteczny-fitness\/\" class=\"tpg-post-link\" target=\"_self\">Biblioteczny fitness<\/a><\/h1><\/div>\n\t\t\t\t\t\t\t\t\t<div class=\"post-meta-tags rt-el-post-meta\">\n\t\t\t\t\t\t            <span class='date'>\n\t\t\t\t<i class='far fa-calendar-alt '><\/i>\t\t\t\t                    <a href=\"https:\/\/filialask.bpsieradz.pl\/index.php\/2026\/04\/09\/\">\n\t\t\t\t\t9 kwietnia, 2026\t\t\t\t<\/a>\n\t\t\t\t\t\t\t<\/span>\n\t\t\t\t\t\t\t\t<\/div>\n\t\t\t\t\n\t\t\t\t\t\t\t\t\t<div class=\"tpg-excerpt tpg-el-excerpt\">\n\t\t\t\t\t\t\t\t\t\t\t\t\t<div class=\"tpg-excerpt-inner\">\n\t\t\t\t\t\t\t\t\u201eBiblioteczny fitness\u201d to zaj\u0119cia zorganizowane w ramach Bud\u017cetu Obywatelskiego W\u0141 na 2026 r...\t\t\t\t\t\t\t<\/div>\n\t\t\t\t\t\t\t\t\t\t\t\t\t\t\t\t\t<\/div>\n\t\t\t\t\n\t\t\t\t\t\t\t<\/div>\n\t\t<\/div>\n\t<\/div>\n<\/div>\n\n<div class=\"rt-col-md-12 rt-col-sm-12 rt-col-xs-12 default rt-list-item rt-grid-item\" data-id=\"717\">\n\t<div class=\"rt-holder tpg-post-holder \">\n\t\t<div class=\"rt-detail rt-el-content-wrapper\">\n\t\t\t\t\t\t\t<div class=\"rt-img-holder tpg-el-image-wrap has-thumbnail\">\n\t\t\t\t\t<a data-id=\"717\" href=\"https:\/\/filialask.bpsieradz.pl\/index.php\/2026\/02\/23\/grywalizacja-w-przestrzeni-miejskiej\/\" class=\"tpg-post-link\" target=\"_self\">                        <img loading=\"lazy\" decoding=\"async\" src=\"https:\/\/filialask.bpsieradz.pl\/wp-content\/uploads\/2026\/02\/Biblioteczna-inspiratornia-4-480x300.png\"\n                             class=\"rt-img-responsive\"\n                             width=\"480\"\n                             height=\"300\"\n                             alt=\"Grywalizacja w przestrzeni miejskiej\">\n\t\t\t\t\t\t\n\t\t\t\t\t\t\t\n\t\t<\/a>\n\t\t        <div class=\"overlay grid-hover-content\"><\/div>\n\t\t\t\t\t\t<\/div>\n\t\t\t\n\t\t\t<div class=\"post-right-content\">\n\t\t\t\t<div class=\"entry-title-wrapper\"><h1 class=\"entry-title\"><a data-id=\"717\" href=\"https:\/\/filialask.bpsieradz.pl\/index.php\/2026\/02\/23\/grywalizacja-w-przestrzeni-miejskiej\/\" class=\"tpg-post-link\" target=\"_self\">Grywalizacja w przestrzeni miejskiej<\/a><\/h1><\/div>\n\t\t\t\t\t\t\t\t\t<div class=\"post-meta-tags rt-el-post-meta\">\n\t\t\t\t\t\t            <span class='date'>\n\t\t\t\t<i class='far fa-calendar-alt '><\/i>\t\t\t\t                    <a href=\"https:\/\/filialask.bpsieradz.pl\/index.php\/2026\/02\/23\/\">\n\t\t\t\t\t23 lutego, 2026\t\t\t\t<\/a>\n\t\t\t\t\t\t\t<\/span>\n\t\t\t\t\t\t\t\t<\/div>\n\t\t\t\t\n\t\t\t\t\t\t\t\t\t<div class=\"tpg-excerpt tpg-el-excerpt\">\n\t\t\t\t\t\t\t\t\t\t\t\t\t<div class=\"tpg-excerpt-inner\">\n\t\t\t\t\t\t\t\t...\t\t\t\t\t\t\t<\/div>\n\t\t\t\t\t\t\t\t\t\t\t\t\t\t\t\t\t<\/div>\n\t\t\t\t\n\t\t\t\t\t\t\t<\/div>\n\t\t<\/div>\n\t<\/div>\n<\/div>\n\n<div class=\"rt-col-md-12 rt-col-sm-12 rt-col-xs-12 default rt-list-item rt-grid-item\" data-id=\"707\">\n\t<div class=\"rt-holder tpg-post-holder \">\n\t\t<div class=\"rt-detail rt-el-content-wrapper\">\n\t\t\t\t\t\t\t<div class=\"rt-img-holder tpg-el-image-wrap has-thumbnail\">\n\t\t\t\t\t<a data-id=\"707\" href=\"https:\/\/filialask.bpsieradz.pl\/index.php\/2026\/01\/30\/tworzenie-escape-roomu-w-bibliotece\/\" class=\"tpg-post-link\" target=\"_self\">                        <img loading=\"lazy\" decoding=\"async\" src=\"https:\/\/filialask.bpsieradz.pl\/wp-content\/uploads\/2026\/01\/siec-wspolpracy-5-480x300.jpg\"\n                             class=\"rt-img-responsive\"\n                             width=\"480\"\n                             height=\"300\"\n                             alt=\"Tworzenie escape roomu w bibliotece\">\n\t\t\t\t\t\t\n\t\t\t\t\t\t\t\n\t\t<\/a>\n\t\t        <div class=\"overlay grid-hover-content\"><\/div>\n\t\t\t\t\t\t<\/div>\n\t\t\t\n\t\t\t<div class=\"post-right-content\">\n\t\t\t\t<div class=\"entry-title-wrapper\"><h1 class=\"entry-title\"><a data-id=\"707\" href=\"https:\/\/filialask.bpsieradz.pl\/index.php\/2026\/01\/30\/tworzenie-escape-roomu-w-bibliotece\/\" class=\"tpg-post-link\" target=\"_self\">Tworzenie escape roomu w bibliotece<\/a><\/h1><\/div>\n\t\t\t\t\t\t\t\t\t<div class=\"post-meta-tags rt-el-post-meta\">\n\t\t\t\t\t\t            <span class='date'>\n\t\t\t\t<i class='far fa-calendar-alt '><\/i>\t\t\t\t                    <a href=\"https:\/\/filialask.bpsieradz.pl\/index.php\/2026\/01\/30\/\">\n\t\t\t\t\t30 stycznia, 2026\t\t\t\t<\/a>\n\t\t\t\t\t\t\t<\/span>\n\t\t\t\t\t\t\t\t<\/div>\n\t\t\t\t\n\t\t\t\t\t\t\t\t\t<div class=\"tpg-excerpt tpg-el-excerpt\">\n\t\t\t\t\t\t\t\t\t\t\t\t\t<div class=\"tpg-excerpt-inner\">\n\t\t\t\t\t\t\t\t28 stycznia 2026 r. odby\u0142o si\u0119 w naszej plac\u00f3wce spotkanie warsztatowo-szkoleniowe dla nauczycieli...\t\t\t\t\t\t\t<\/div>\n\t\t\t\t\t\t\t\t\t\t\t\t\t\t\t\t\t<\/div>\n\t\t\t\t\n\t\t\t\t\t\t\t<\/div>\n\t\t<\/div>\n\t<\/div>\n<\/div>\n            <\/div>\n\n\t\t\t\n        <\/div>\n\t\t\t\t\t\t<\/div>\n\t\t\t\t<\/div>\n\t\t\t\t\t<\/div>\n\t\t\t\t<\/div>\n\t\t<div class=\"elementor-element elementor-element-1ee9797 e-flex e-con-boxed e-con e-parent\" data-id=\"1ee9797\" data-element_type=\"container\" data-e-type=\"container\">\n\t\t\t\t\t<div class=\"e-con-inner\">\n\t\t\t\t<div class=\"elementor-element elementor-element-963dde3 elementor-align-right elementor-widget elementor-widget-button\" data-id=\"963dde3\" data-element_type=\"widget\" data-e-type=\"widget\" data-widget_type=\"button.default\">\n\t\t\t\t<div class=\"elementor-widget-container\">\n\t\t\t\t\t\t\t\t\t<div class=\"elementor-button-wrapper\">\n\t\t\t\t\t<a class=\"elementor-button elementor-button-link elementor-size-sm\" href=\"http:\/\/filialask.bpsieradz.pl\/index.php\/category\/aktualnosci\/page\/2\/\">\n\t\t\t\t\t\t<span class=\"elementor-button-content-wrapper\">\n\t\t\t\t\t\t<span class=\"elementor-button-icon\">\n\t\t\t\t<svg aria-hidden=\"true\" class=\"e-font-icon-svg e-far-caret-square-right\" viewBox=\"0 0 448 512\" xmlns=\"http:\/\/www.w3.org\/2000\/svg\"><path d=\"M176 354.9V157.1c0-10.7 13-16.1 20.5-8.5l98.3 98.9c4.7 4.7 4.7 12.2 0 16.9l-98.3 98.9c-7.5 7.7-20.5 2.3-20.5-8.4zM448 80v352c0 26.5-21.5 48-48 48H48c-26.5 0-48-21.5-48-48V80c0-26.5 21.5-48 48-48h352c26.5 0 48 21.5 48 48zm-48 346V86c0-3.3-2.7-6-6-6H54c-3.3 0-6 2.7-6 6v340c0 3.3 2.7 6 6 6h340c3.3 0 6-2.7 6-6z\"><\/path><\/svg>\t\t\t<\/span>\n\t\t\t\t\t\t\t\t\t<span class=\"elementor-button-text\">Starsze wpisy<\/span>\n\t\t\t\t\t<\/span>\n\t\t\t\t\t<\/a>\n\t\t\t\t<\/div>\n\t\t\t\t\t\t\t\t<\/div>\n\t\t\t\t<\/div>\n\t\t\t\t\t<\/div>\n\t\t\t\t<\/div>\n\t\t<div class=\"elementor-element elementor-element-6b39830 e-con-full e-flex e-con e-parent\" data-id=\"6b39830\" data-element_type=\"container\" data-e-type=\"container\">\n\t\t\t\t<\/div>\n\t\t<div class=\"elementor-element elementor-element-4e1fe30 e-flex e-con-boxed e-con e-parent\" data-id=\"4e1fe30\" data-element_type=\"container\" data-e-type=\"container\">\n\t\t\t\t\t<div class=\"e-con-inner\">\n\t\t\t\t<div class=\"elementor-element elementor-element-6639439 elementor-widget elementor-widget-spacer\" data-id=\"6639439\" data-element_type=\"widget\" data-e-type=\"widget\" data-widget_type=\"spacer.default\">\n\t\t\t\t<div class=\"elementor-widget-container\">\n\t\t\t\t\t\t\t<div class=\"elementor-spacer\">\n\t\t\t<div class=\"elementor-spacer-inner\"><\/div>\n\t\t<\/div>\n\t\t\t\t\t\t<\/div>\n\t\t\t\t<\/div>\n\t\t\t\t\t<\/div>\n\t\t\t\t<\/div>\n\t\t<div class=\"elementor-element elementor-element-4f6cae3 e-flex e-con-boxed e-con e-parent\" data-id=\"4f6cae3\" data-element_type=\"container\" data-e-type=\"container\">\n\t\t\t\t\t<div class=\"e-con-inner\">\n\t\t\t\t\t<\/div>\n\t\t\t\t<\/div>\n\t\t<div class=\"elementor-element elementor-element-8e3652e e-flex e-con-boxed e-con e-parent\" data-id=\"8e3652e\" data-element_type=\"container\" data-e-type=\"container\">\n\t\t\t\t\t<div class=\"e-con-inner\">\n\t\t\t\t\t<\/div>\n\t\t\t\t<\/div>\n\t\t<div class=\"elementor-element elementor-element-8c3bc25 e-flex e-con-boxed e-con e-parent\" data-id=\"8c3bc25\" data-element_type=\"container\" data-e-type=\"container\">\n\t\t\t\t\t<div class=\"e-con-inner\">\n\t\t\t\t\t<\/div>\n\t\t\t\t<\/div>\n\t\t<div class=\"elementor-element elementor-element-26a853a e-flex e-con-boxed e-con e-parent\" data-id=\"26a853a\" data-element_type=\"container\" data-e-type=\"container\">\n\t\t\t\t\t<div class=\"e-con-inner\">\n\t\t\t\t<div class=\"elementor-element elementor-element-db5fb91 elementor-widget elementor-widget-spacer\" data-id=\"db5fb91\" data-element_type=\"widget\" data-e-type=\"widget\" data-widget_type=\"spacer.default\">\n\t\t\t\t<div class=\"elementor-widget-container\">\n\t\t\t\t\t\t\t<div class=\"elementor-spacer\">\n\t\t\t<div class=\"elementor-spacer-inner\"><\/div>\n\t\t<\/div>\n\t\t\t\t\t\t<\/div>\n\t\t\t\t<\/div>\n\t\t\t\t\t<\/div>\n\t\t\t\t<\/div>\n\t\t<div class=\"elementor-element elementor-element-d578b11 e-flex e-con-boxed e-con e-parent\" data-id=\"d578b11\" data-element_type=\"container\" data-e-type=\"container\">\n\t\t\t\t\t<div class=\"e-con-inner\">\n\t\t\t\t<div class=\"elementor-element elementor-element-a680a30 elementor-widget elementor-widget-google_maps\" data-id=\"a680a30\" data-element_type=\"widget\" data-e-type=\"widget\" data-widget_type=\"google_maps.default\">\n\t\t\t\t<div class=\"elementor-widget-container\">\n\t\t\t\t\t\t\t<div class=\"elementor-custom-embed\">\n\t\t\t<iframe loading=\"lazy\"\n\t\t\t\t\tsrc=\"https:\/\/maps.google.com\/maps?q=%C5%81ask%2C%209%20Maja%206&#038;t=m&#038;z=17&#038;output=embed&#038;iwloc=near\"\n\t\t\t\t\ttitle=\"\u0141ask, 9 Maja 6\"\n\t\t\t\t\taria-label=\"\u0141ask, 9 Maja 6\"\n\t\t\t><\/iframe>\n\t\t<\/div>\n\t\t\t\t\t\t<\/div>\n\t\t\t\t<\/div>\n\t\t\t\t\t<\/div>\n\t\t\t\t<\/div>\n\t\t\t\t<\/div>\n\t\t","protected":false},"excerpt":{"rendered":"<p>\u00a0 Aktualno\u015bci Biblioteczna Inspiratornia 4 grudnia, 2025 Centrum Rozwoju Edukacji W\u0141 w Sieradzu Biblioteka Pedagogiczna w Sieradzu Filia w \u0141asku zaprasza&#8230; \u201eDlaczego warto pisa\u0107 \u2013 rozmowy z Dorot\u0105 Kmiecik\u201d 12 &#8230;<\/p>\n","protected":false},"author":1,"featured_media":0,"parent":0,"menu_order":0,"comment_status":"closed","ping_status":"closed","template":"","meta":{"_monsterinsights_skip_tracking":false,"_monsterinsights_sitenote_active":false,"_monsterinsights_sitenote_note":"","_monsterinsights_sitenote_category":0,"ngg_post_thumbnail":0,"footnotes":""},"class_list":["post-28","page","type-page","status-publish","hentry"],"aioseo_notices":[],"rttpg_featured_image_url":null,"rttpg_author":{"display_name":"admin","author_link":"https:\/\/filialask.bpsieradz.pl\/index.php\/author\/admin\/"},"rttpg_comment":0,"rttpg_category":"","rttpg_excerpt":"\u00a0 Aktualno\u015bci Biblioteczna Inspiratornia 4 grudnia, 2025 Centrum Rozwoju Edukacji W\u0141 w Sieradzu Biblioteka Pedagogiczna w Sieradzu Filia w \u0141asku zaprasza&#8230; \u201eDlaczego warto pisa\u0107 \u2013 rozmowy z Dorot\u0105 Kmiecik\u201d 12 ...","_links":{"self":[{"href":"https:\/\/filialask.bpsieradz.pl\/index.php\/wp-json\/wp\/v2\/pages\/28","targetHints":{"allow":["GET"]}}],"collection":[{"href":"https:\/\/filialask.bpsieradz.pl\/index.php\/wp-json\/wp\/v2\/pages"}],"about":[{"href":"https:\/\/filialask.bpsieradz.pl\/index.php\/wp-json\/wp\/v2\/types\/page"}],"author":[{"embeddable":true,"href":"https:\/\/filialask.bpsieradz.pl\/index.php\/wp-json\/wp\/v2\/users\/1"}],"replies":[{"embeddable":true,"href":"https:\/\/filialask.bpsieradz.pl\/index.php\/wp-json\/wp\/v2\/comments?post=28"}],"version-history":[{"count":247,"href":"https:\/\/filialask.bpsieradz.pl\/index.php\/wp-json\/wp\/v2\/pages\/28\/revisions"}],"predecessor-version":[{"id":705,"href":"https:\/\/filialask.bpsieradz.pl\/index.php\/wp-json\/wp\/v2\/pages\/28\/revisions\/705"}],"wp:attachment":[{"href":"https:\/\/filialask.bpsieradz.pl\/index.php\/wp-json\/wp\/v2\/media?parent=28"}],"curies":[{"name":"wp","href":"https:\/\/api.w.org\/{rel}","templated":true}]}}